{"id":246,"date":"2025-03-05T14:22:48","date_gmt":"2025-03-05T17:22:48","guid":{"rendered":"https:\/\/produtos.allcard.com.br\/?page_id=246"},"modified":"2025-03-05T14:29:26","modified_gmt":"2025-03-05T17:29:26","slug":"desacopladores","status":"publish","type":"page","link":"https:\/\/produtos.allcard.com.br\/index.php\/desacopladores\/","title":{"rendered":"Desacopladores"},"content":{"rendered":"\t\t<div data-elementor-type=\"wp-page\" data-elementor-id=\"246\" class=\"elementor elementor-246\">\n\t\t\t\t<div class=\"elementor-element elementor-element-cc9f1bd e-flex e-con-boxed e-con e-parent\" data-id=\"cc9f1bd\" data-element_type=\"container\" data-e-type=\"container\">\n\t\t\t\t\t<div class=\"e-con-inner\">\n\t\t<div class=\"elementor-element elementor-element-fecd812 e-con-full e-flex e-con e-child\" data-id=\"fecd812\" data-element_type=\"container\" data-e-type=\"container\">\n\t\t\t\t<div class=\"elementor-element elementor-element-270a4ed elementor-widget elementor-widget-heading\" data-id=\"270a4ed\" data-element_type=\"widget\" data-e-type=\"widget\" data-widget_type=\"heading.default\">\n\t\t\t\t<div class=\"elementor-widget-container\">\n\t\t\t\t\t<h2 class=\"elementor-heading-title elementor-size-default\">Desacoplador 4500 e 5500 Gs MD24\/10<\/h2>\t\t\t\t<\/div>\n\t\t\t\t<\/div>\n\t\t\t\t<div class=\"elementor-element elementor-element-6fe73c4 elementor-widget__width-initial elementor-widget elementor-widget-image\" data-id=\"6fe73c4\" data-element_type=\"widget\" data-e-type=\"widget\" data-widget_type=\"image.default\">\n\t\t\t\t<div class=\"elementor-widget-container\">\n\t\t\t\t\t\t\t\t\t\t\t\t\t\t\t<img fetchpriority=\"high\" decoding=\"async\" width=\"500\" height=\"500\" src=\"https:\/\/produtos.allcard.com.br\/wp-content\/uploads\/2025\/03\/desacoplador-magnetico-sobrepor-MD10-5.500GS.jpg\" class=\"attachment-large size-large wp-image-251\" alt=\"\" srcset=\"https:\/\/produtos.allcard.com.br\/wp-content\/uploads\/2025\/03\/desacoplador-magnetico-sobrepor-MD10-5.500GS.jpg 500w, https:\/\/produtos.allcard.com.br\/wp-content\/uploads\/2025\/03\/desacoplador-magnetico-sobrepor-MD10-5.500GS-300x300.jpg 300w, https:\/\/produtos.allcard.com.br\/wp-content\/uploads\/2025\/03\/desacoplador-magnetico-sobrepor-MD10-5.500GS-150x150.jpg 150w, https:\/\/produtos.allcard.com.br\/wp-content\/uploads\/2025\/03\/desacoplador-magnetico-sobrepor-MD10-5.500GS-100x100.jpg 100w\" sizes=\"(max-width: 500px) 100vw, 500px\" \/>\t\t\t\t\t\t\t\t\t\t\t\t\t\t\t<\/div>\n\t\t\t\t<\/div>\n\t\t\t\t<div class=\"elementor-element elementor-element-230ebdb elementor-widget elementor-widget-text-editor\" data-id=\"230ebdb\" data-element_type=\"widget\" data-e-type=\"widget\" data-widget_type=\"text-editor.default\">\n\t\t\t\t<div class=\"elementor-widget-container\">\n\t\t\t\t\t\t\t\t\t<p>Medida: 7cm di\u00e2metro<br \/>\u00c1rea interna: 2 cm<br \/>Fixa\u00e7\u00e3o: Sobrepor ( com dois furos para parafusar por cima )<br \/>Pot\u00eancia:<br \/>C\u00f3d 4500 Gauss: U100000000155<br \/>C\u00f3d 5500 gauss: U100000000076<\/p>\t\t\t\t\t\t\t\t<\/div>\n\t\t\t\t<\/div>\n\t\t\t\t<\/div>\n\t\t<div class=\"elementor-element elementor-element-19a9145 e-con-full e-flex e-con e-child\" data-id=\"19a9145\" data-element_type=\"container\" data-e-type=\"container\">\n\t\t\t\t<div class=\"elementor-element elementor-element-14ef7f3 elementor-widget elementor-widget-heading\" data-id=\"14ef7f3\" data-element_type=\"widget\" data-e-type=\"widget\" data-widget_type=\"heading.default\">\n\t\t\t\t<div class=\"elementor-widget-container\">\n\t\t\t\t\t<h2 class=\"elementor-heading-title elementor-size-default\">Desacoplador 5200 gs MD08<\/h2>\t\t\t\t<\/div>\n\t\t\t\t<\/div>\n\t\t\t\t<div class=\"elementor-element elementor-element-ba901c6 elementor-widget__width-initial elementor-widget elementor-widget-image\" data-id=\"ba901c6\" data-element_type=\"widget\" data-e-type=\"widget\" data-widget_type=\"image.default\">\n\t\t\t\t<div class=\"elementor-widget-container\">\n\t\t\t\t\t\t\t\t\t\t\t\t\t\t\t<img decoding=\"async\" width=\"500\" height=\"500\" src=\"https:\/\/produtos.allcard.com.br\/wp-content\/uploads\/2025\/03\/desacoplador-magnetico-preto-MD08-5.200GS.jpg\" class=\"attachment-large size-large wp-image-250\" alt=\"\" srcset=\"https:\/\/produtos.allcard.com.br\/wp-content\/uploads\/2025\/03\/desacoplador-magnetico-preto-MD08-5.200GS.jpg 500w, https:\/\/produtos.allcard.com.br\/wp-content\/uploads\/2025\/03\/desacoplador-magnetico-preto-MD08-5.200GS-300x300.jpg 300w, https:\/\/produtos.allcard.com.br\/wp-content\/uploads\/2025\/03\/desacoplador-magnetico-preto-MD08-5.200GS-150x150.jpg 150w, https:\/\/produtos.allcard.com.br\/wp-content\/uploads\/2025\/03\/desacoplador-magnetico-preto-MD08-5.200GS-100x100.jpg 100w\" sizes=\"(max-width: 500px) 100vw, 500px\" \/>\t\t\t\t\t\t\t\t\t\t\t\t\t\t\t<\/div>\n\t\t\t\t<\/div>\n\t\t\t\t<div class=\"elementor-element elementor-element-0158794 elementor-widget elementor-widget-text-editor\" data-id=\"0158794\" data-element_type=\"widget\" data-e-type=\"widget\" data-widget_type=\"text-editor.default\">\n\t\t\t\t<div class=\"elementor-widget-container\">\n\t\t\t\t\t\t\t\t\t<p>Medida: 5,5 cm di\u00e2metro<br \/>\u00c0rea interna 2 cm<br \/>Fixa\u00e7\u00e3o: De sobrepor ( n\u00e3o fixa )<br \/>C\u00f3d. U100000000074<\/p>\t\t\t\t\t\t\t\t<\/div>\n\t\t\t\t<\/div>\n\t\t\t\t<\/div>\n\t\t<div class=\"elementor-element elementor-element-213aff8 e-con-full e-flex e-con e-child\" data-id=\"213aff8\" data-element_type=\"container\" data-e-type=\"container\">\n\t\t\t\t<div class=\"elementor-element elementor-element-78a3800 elementor-widget elementor-widget-heading\" data-id=\"78a3800\" data-element_type=\"widget\" data-e-type=\"widget\" data-widget_type=\"heading.default\">\n\t\t\t\t<div class=\"elementor-widget-container\">\n\t\t\t\t\t<h2 class=\"elementor-heading-title elementor-size-default\">Desacoplador 11.500 gauss MD16<\/h2>\t\t\t\t<\/div>\n\t\t\t\t<\/div>\n\t\t\t\t<div class=\"elementor-element elementor-element-1892bcc elementor-widget__width-initial elementor-widget elementor-widget-image\" data-id=\"1892bcc\" data-element_type=\"widget\" data-e-type=\"widget\" data-widget_type=\"image.default\">\n\t\t\t\t<div class=\"elementor-widget-container\">\n\t\t\t\t\t\t\t\t\t\t\t\t\t\t\t<img decoding=\"async\" width=\"500\" height=\"500\" src=\"https:\/\/produtos.allcard.com.br\/wp-content\/uploads\/2025\/03\/Desacoplador-11500-embutir.jpg\" class=\"attachment-large size-large wp-image-252\" alt=\"\" srcset=\"https:\/\/produtos.allcard.com.br\/wp-content\/uploads\/2025\/03\/Desacoplador-11500-embutir.jpg 500w, https:\/\/produtos.allcard.com.br\/wp-content\/uploads\/2025\/03\/Desacoplador-11500-embutir-300x300.jpg 300w, https:\/\/produtos.allcard.com.br\/wp-content\/uploads\/2025\/03\/Desacoplador-11500-embutir-150x150.jpg 150w, https:\/\/produtos.allcard.com.br\/wp-content\/uploads\/2025\/03\/Desacoplador-11500-embutir-100x100.jpg 100w\" sizes=\"(max-width: 500px) 100vw, 500px\" \/>\t\t\t\t\t\t\t\t\t\t\t\t\t\t\t<\/div>\n\t\t\t\t<\/div>\n\t\t\t\t<div class=\"elementor-element elementor-element-2350f2a elementor-widget elementor-widget-text-editor\" data-id=\"2350f2a\" data-element_type=\"widget\" data-e-type=\"widget\" data-widget_type=\"text-editor.default\">\n\t\t\t\t<div class=\"elementor-widget-container\">\n\t\t\t\t\t\t\t\t\t<p>Medida: 7 cm di\u00e2metro<br \/>\u00c1rea interna: 2cm\u00a0<br \/>Peso: 270 gramas<br \/>Pot\u00eancia 11500 gs\u00a0<br \/>Fixa\u00e7\u00e3o: Embutir<br \/>C\u00f3d. U100000000105\u00a0<\/p>\t\t\t\t\t\t\t\t<\/div>\n\t\t\t\t<\/div>\n\t\t\t\t<\/div>\n\t\t<div class=\"elementor-element elementor-element-2ff1002 e-con-full e-flex e-con e-child\" data-id=\"2ff1002\" data-element_type=\"container\" data-e-type=\"container\">\n\t\t\t\t<div class=\"elementor-element elementor-element-95d45f8 elementor-widget elementor-widget-heading\" data-id=\"95d45f8\" data-element_type=\"widget\" data-e-type=\"widget\" data-widget_type=\"heading.default\">\n\t\t\t\t<div class=\"elementor-widget-container\">\n\t\t\t\t\t<h2 class=\"elementor-heading-title elementor-size-default\">Desacoplador 13.000 Gs MD 21<\/h2>\t\t\t\t<\/div>\n\t\t\t\t<\/div>\n\t\t\t\t<div class=\"elementor-element elementor-element-0c95ce2 elementor-widget__width-initial elementor-widget elementor-widget-image\" data-id=\"0c95ce2\" data-element_type=\"widget\" data-e-type=\"widget\" data-widget_type=\"image.default\">\n\t\t\t\t<div class=\"elementor-widget-container\">\n\t\t\t\t\t\t\t\t\t\t\t\t\t\t\t<img loading=\"lazy\" decoding=\"async\" width=\"500\" height=\"500\" src=\"https:\/\/produtos.allcard.com.br\/wp-content\/uploads\/2025\/03\/desacoplador-magnetico-MD21-13.000GS.jpg\" class=\"attachment-large size-large wp-image-249\" alt=\"\" srcset=\"https:\/\/produtos.allcard.com.br\/wp-content\/uploads\/2025\/03\/desacoplador-magnetico-MD21-13.000GS.jpg 500w, https:\/\/produtos.allcard.com.br\/wp-content\/uploads\/2025\/03\/desacoplador-magnetico-MD21-13.000GS-300x300.jpg 300w, https:\/\/produtos.allcard.com.br\/wp-content\/uploads\/2025\/03\/desacoplador-magnetico-MD21-13.000GS-150x150.jpg 150w, https:\/\/produtos.allcard.com.br\/wp-content\/uploads\/2025\/03\/desacoplador-magnetico-MD21-13.000GS-100x100.jpg 100w\" sizes=\"(max-width: 500px) 100vw, 500px\" \/>\t\t\t\t\t\t\t\t\t\t\t\t\t\t\t<\/div>\n\t\t\t\t<\/div>\n\t\t\t\t<div class=\"elementor-element elementor-element-6620278 elementor-widget elementor-widget-text-editor\" data-id=\"6620278\" data-element_type=\"widget\" data-e-type=\"widget\" data-widget_type=\"text-editor.default\">\n\t\t\t\t<div class=\"elementor-widget-container\">\n\t\t\t\t\t\t\t\t\t<p>Medida: 7 cm di\u00e2metro<br \/>\u00c1rea interna: 2,2 cm\u00a0<br \/>Peso: 420 gramas<br \/>Pot\u00eancia 11500 gs\u00a0<br \/>Fixa\u00e7\u00e3o: Embutir<br \/>C\u00f3d. U100000000152<\/p>\t\t\t\t\t\t\t\t<\/div>\n\t\t\t\t<\/div>\n\t\t\t\t<\/div>\n\t\t<div class=\"elementor-element elementor-element-9d4e452 e-con-full e-flex e-con e-child\" data-id=\"9d4e452\" data-element_type=\"container\" data-e-type=\"container\">\n\t\t\t\t<div class=\"elementor-element elementor-element-4944239 elementor-widget elementor-widget-heading\" data-id=\"4944239\" data-element_type=\"widget\" data-e-type=\"widget\" data-widget_type=\"heading.default\">\n\t\t\t\t<div class=\"elementor-widget-container\">\n\t\t\t\t\t<h2 class=\"elementor-heading-title elementor-size-default\">Desacoplador 15.000 GS  MD20<\/h2>\t\t\t\t<\/div>\n\t\t\t\t<\/div>\n\t\t\t\t<div class=\"elementor-element elementor-element-ecc7ecc elementor-widget__width-initial elementor-widget elementor-widget-image\" data-id=\"ecc7ecc\" data-element_type=\"widget\" data-e-type=\"widget\" data-widget_type=\"image.default\">\n\t\t\t\t<div class=\"elementor-widget-container\">\n\t\t\t\t\t\t\t\t\t\t\t\t\t\t\t<img loading=\"lazy\" decoding=\"async\" width=\"500\" height=\"500\" src=\"https:\/\/produtos.allcard.com.br\/wp-content\/uploads\/2025\/03\/Capa-antifurto-RF-82.png\" class=\"attachment-large size-large wp-image-253\" alt=\"\" srcset=\"https:\/\/produtos.allcard.com.br\/wp-content\/uploads\/2025\/03\/Capa-antifurto-RF-82.png 500w, https:\/\/produtos.allcard.com.br\/wp-content\/uploads\/2025\/03\/Capa-antifurto-RF-82-300x300.png 300w, https:\/\/produtos.allcard.com.br\/wp-content\/uploads\/2025\/03\/Capa-antifurto-RF-82-150x150.png 150w, https:\/\/produtos.allcard.com.br\/wp-content\/uploads\/2025\/03\/Capa-antifurto-RF-82-100x100.png 100w\" sizes=\"(max-width: 500px) 100vw, 500px\" \/>\t\t\t\t\t\t\t\t\t\t\t\t\t\t\t<\/div>\n\t\t\t\t<\/div>\n\t\t\t\t<div class=\"elementor-element elementor-element-781d10c elementor-widget elementor-widget-text-editor\" data-id=\"781d10c\" data-element_type=\"widget\" data-e-type=\"widget\" data-widget_type=\"text-editor.default\">\n\t\t\t\t<div class=\"elementor-widget-container\">\n\t\t\t\t\t\t\t\t\t<p>Medida: 7 cm di\u00e2metro<br \/>\u00c1rea interna: 2,2 cm\u00a0<br \/>Peso: 400 gramas<br \/>Pot\u00eancia 15000 gs\u00a0<br \/>Fixa\u00e7\u00e3o: SOBREPOR<br \/>C\u00f3d. U100000000130<\/p>\t\t\t\t\t\t\t\t<\/div>\n\t\t\t\t<\/div>\n\t\t\t\t<\/div>\n\t\t<div class=\"elementor-element elementor-element-d58502c e-con-full e-flex e-con e-child\" data-id=\"d58502c\" data-element_type=\"container\" data-e-type=\"container\">\n\t\t\t\t<div class=\"elementor-element elementor-element-85c0f35 elementor-widget elementor-widget-heading\" data-id=\"85c0f35\" data-element_type=\"widget\" data-e-type=\"widget\" data-widget_type=\"heading.default\">\n\t\t\t\t<div class=\"elementor-widget-container\">\n\t\t\t\t\t<h2 class=\"elementor-heading-title elementor-size-default\">Desacoplador 15.000 GS MD22<\/h2>\t\t\t\t<\/div>\n\t\t\t\t<\/div>\n\t\t\t\t<div class=\"elementor-element elementor-element-3c962de elementor-widget__width-initial elementor-widget elementor-widget-image\" data-id=\"3c962de\" data-element_type=\"widget\" data-e-type=\"widget\" data-widget_type=\"image.default\">\n\t\t\t\t<div class=\"elementor-widget-container\">\n\t\t\t\t\t\t\t\t\t\t\t\t\t\t\t<img loading=\"lazy\" decoding=\"async\" width=\"500\" height=\"500\" src=\"https:\/\/produtos.allcard.com.br\/wp-content\/uploads\/2025\/03\/desacoplador-magnetico-MD21-13.000GS.jpg\" class=\"attachment-large size-large wp-image-249\" alt=\"\" srcset=\"https:\/\/produtos.allcard.com.br\/wp-content\/uploads\/2025\/03\/desacoplador-magnetico-MD21-13.000GS.jpg 500w, https:\/\/produtos.allcard.com.br\/wp-content\/uploads\/2025\/03\/desacoplador-magnetico-MD21-13.000GS-300x300.jpg 300w, https:\/\/produtos.allcard.com.br\/wp-content\/uploads\/2025\/03\/desacoplador-magnetico-MD21-13.000GS-150x150.jpg 150w, https:\/\/produtos.allcard.com.br\/wp-content\/uploads\/2025\/03\/desacoplador-magnetico-MD21-13.000GS-100x100.jpg 100w\" sizes=\"(max-width: 500px) 100vw, 500px\" \/>\t\t\t\t\t\t\t\t\t\t\t\t\t\t\t<\/div>\n\t\t\t\t<\/div>\n\t\t\t\t<div class=\"elementor-element elementor-element-7a60074 elementor-widget elementor-widget-text-editor\" data-id=\"7a60074\" data-element_type=\"widget\" data-e-type=\"widget\" data-widget_type=\"text-editor.default\">\n\t\t\t\t<div class=\"elementor-widget-container\">\n\t\t\t\t\t\t\t\t\t<p>Medida: 7 cm di\u00e2metro<br \/>\u00c1rea interna: 2,2 cm\u00a0<br \/>Peso: 420 gramas<br \/>Pot\u00eancia 15000 gs\u00a0<br \/>Fixa\u00e7\u00e3o: Embutir<br \/>C\u00f3d. U100000000152<\/p>\t\t\t\t\t\t\t\t<\/div>\n\t\t\t\t<\/div>\n\t\t\t\t<\/div>\n\t\t\t\t\t<\/div>\n\t\t\t\t<\/div>\n\t\t<div class=\"elementor-element elementor-element-cbbb9ca e-flex e-con-boxed e-con e-parent\" data-id=\"cbbb9ca\" data-element_type=\"container\" data-e-type=\"container\">\n\t\t\t\t\t<div class=\"e-con-inner\">\n\t\t<div class=\"elementor-element elementor-element-45fcb38 e-con-full e-flex e-con e-child\" data-id=\"45fcb38\" data-element_type=\"container\" data-e-type=\"container\">\n\t\t\t\t<div class=\"elementor-element elementor-element-4b8c198 elementor-widget elementor-widget-heading\" data-id=\"4b8c198\" data-element_type=\"widget\" data-e-type=\"widget\" data-widget_type=\"heading.default\">\n\t\t\t\t<div class=\"elementor-widget-container\">\n\t\t\t\t\t<h2 class=\"elementor-heading-title elementor-size-default\">Desacoplador \u00f3culos MD07<\/h2>\t\t\t\t<\/div>\n\t\t\t\t<\/div>\n\t\t\t\t<div class=\"elementor-element elementor-element-2645d92 elementor-widget__width-initial elementor-widget elementor-widget-image\" data-id=\"2645d92\" data-element_type=\"widget\" data-e-type=\"widget\" data-widget_type=\"image.default\">\n\t\t\t\t<div class=\"elementor-widget-container\">\n\t\t\t\t\t\t\t\t\t\t\t\t\t\t\t<img loading=\"lazy\" decoding=\"async\" width=\"500\" height=\"500\" src=\"https:\/\/produtos.allcard.com.br\/wp-content\/uploads\/2025\/03\/27.jpg\" class=\"attachment-large size-large wp-image-248\" alt=\"\" srcset=\"https:\/\/produtos.allcard.com.br\/wp-content\/uploads\/2025\/03\/27.jpg 500w, https:\/\/produtos.allcard.com.br\/wp-content\/uploads\/2025\/03\/27-300x300.jpg 300w, https:\/\/produtos.allcard.com.br\/wp-content\/uploads\/2025\/03\/27-150x150.jpg 150w, https:\/\/produtos.allcard.com.br\/wp-content\/uploads\/2025\/03\/27-100x100.jpg 100w\" sizes=\"(max-width: 500px) 100vw, 500px\" \/>\t\t\t\t\t\t\t\t\t\t\t\t\t\t\t<\/div>\n\t\t\t\t<\/div>\n\t\t\t\t<div class=\"elementor-element elementor-element-605048e elementor-widget elementor-widget-text-editor\" data-id=\"605048e\" data-element_type=\"widget\" data-e-type=\"widget\" data-widget_type=\"text-editor.default\">\n\t\t\t\t<div class=\"elementor-widget-container\">\n\t\t\t\t\t\t\t\t\t<p>Formato de chave de fenda com ponta triangular especial.<br>Para desacoplar a etiqueta aplicada \u00e0s hastes dos \u00f3culos.<br>Tamanho: 9,5 cm&nbsp;<br>Peso: 8 gramas}<br>C\u00f3d:&nbsp;U100000000068<\/p>\t\t\t\t\t\t\t\t<\/div>\n\t\t\t\t<\/div>\n\t\t\t\t<\/div>\n\t\t<div class=\"elementor-element elementor-element-3429785 e-con-full e-flex e-con e-child\" data-id=\"3429785\" data-element_type=\"container\" data-e-type=\"container\">\n\t\t\t\t<div class=\"elementor-element elementor-element-6c4577f elementor-widget elementor-widget-heading\" data-id=\"6c4577f\" data-element_type=\"widget\" data-e-type=\"widget\" data-widget_type=\"heading.default\">\n\t\t\t\t<div class=\"elementor-widget-container\">\n\t\t\t\t\t<h2 class=\"elementor-heading-title elementor-size-default\">Desacoplador GOLF 10.000 gs MD 13<\/h2>\t\t\t\t<\/div>\n\t\t\t\t<\/div>\n\t\t\t\t<div class=\"elementor-element elementor-element-5b4a379 elementor-widget__width-initial elementor-widget elementor-widget-image\" data-id=\"5b4a379\" data-element_type=\"widget\" data-e-type=\"widget\" data-widget_type=\"image.default\">\n\t\t\t\t<div class=\"elementor-widget-container\">\n\t\t\t\t\t\t\t\t\t\t\t\t\t\t\t<img loading=\"lazy\" decoding=\"async\" width=\"500\" height=\"500\" src=\"https:\/\/produtos.allcard.com.br\/wp-content\/uploads\/2025\/03\/desacoplador-magnetico-golf-de-embutir-MD13-10.000GS.jpg\" class=\"attachment-large size-large wp-image-258\" alt=\"\" srcset=\"https:\/\/produtos.allcard.com.br\/wp-content\/uploads\/2025\/03\/desacoplador-magnetico-golf-de-embutir-MD13-10.000GS.jpg 500w, https:\/\/produtos.allcard.com.br\/wp-content\/uploads\/2025\/03\/desacoplador-magnetico-golf-de-embutir-MD13-10.000GS-300x300.jpg 300w, https:\/\/produtos.allcard.com.br\/wp-content\/uploads\/2025\/03\/desacoplador-magnetico-golf-de-embutir-MD13-10.000GS-150x150.jpg 150w, https:\/\/produtos.allcard.com.br\/wp-content\/uploads\/2025\/03\/desacoplador-magnetico-golf-de-embutir-MD13-10.000GS-100x100.jpg 100w\" sizes=\"(max-width: 500px) 100vw, 500px\" \/>\t\t\t\t\t\t\t\t\t\t\t\t\t\t\t<\/div>\n\t\t\t\t<\/div>\n\t\t\t\t<div class=\"elementor-element elementor-element-f4a151d elementor-widget elementor-widget-text-editor\" data-id=\"f4a151d\" data-element_type=\"widget\" data-e-type=\"widget\" data-widget_type=\"text-editor.default\">\n\t\t\t\t<div class=\"elementor-widget-container\">\n\t\t\t\t\t\t\t\t\t<p>Medida: 7 cm di\u00e2metro<br \/>\u00c1rea interna: 5 cm\u00a0<br \/>Peso: 258 gramas<br \/>Pot\u00eancia 10000 gs\u00a0<br \/>Fixa\u00e7\u00e3o: Embutir<\/p>\t\t\t\t\t\t\t\t<\/div>\n\t\t\t\t<\/div>\n\t\t\t\t<\/div>\n\t\t<div class=\"elementor-element elementor-element-66d24ac e-con-full e-flex e-con e-child\" data-id=\"66d24ac\" data-element_type=\"container\" data-e-type=\"container\">\n\t\t\t\t<\/div>\n\t\t<div class=\"elementor-element elementor-element-1cd5ce9 e-con-full e-flex e-con e-child\" data-id=\"1cd5ce9\" data-element_type=\"container\" data-e-type=\"container\">\n\t\t\t\t<\/div>\n\t\t<div class=\"elementor-element elementor-element-7006e41 e-con-full e-flex e-con e-child\" data-id=\"7006e41\" data-element_type=\"container\" data-e-type=\"container\">\n\t\t\t\t<\/div>\n\t\t<div class=\"elementor-element elementor-element-feb5772 e-con-full e-flex e-con e-child\" data-id=\"feb5772\" data-element_type=\"container\" data-e-type=\"container\">\n\t\t\t\t<\/div>\n\t\t\t\t\t<\/div>\n\t\t\t\t<\/div>\n\t\t\t\t<\/div>\n\t\t","protected":false},"excerpt":{"rendered":"<p>Desacoplador 4500 e 5500 Gs MD24\/10 Medida: 7cm di\u00e2metro\u00c1rea interna: 2 cmFixa\u00e7\u00e3o: Sobrepor ( com dois furos para parafusar por cima )Pot\u00eancia:C\u00f3d 4500 Gauss: U100000000155C\u00f3d 5500 gauss: U100000000076 Desacoplador 5200 gs MD08 Medida: 5,5 cm di\u00e2metro\u00c0rea interna 2 cmFixa\u00e7\u00e3o: De sobrepor ( n\u00e3o fixa )C\u00f3d. U100000000074 Desacoplador 11.500 gauss MD16 Medida: 7 cm di\u00e2metro\u00c1rea interna:&hellip;&nbsp;<a href=\"https:\/\/produtos.allcard.com.br\/index.php\/desacopladores\/\" rel=\"bookmark\"><span class=\"screen-reader-text\">Desacopladores<\/span><\/a><\/p>\n","protected":false},"author":1,"featured_media":0,"parent":0,"menu_order":0,"comment_status":"closed","ping_status":"closed","template":"page-templates\/template-pagebuilder-full-width.php","meta":{"_monsterinsights_skip_tracking":false,"_monsterinsights_sitenote_active":false,"_monsterinsights_sitenote_note":"","_monsterinsights_sitenote_category":0,"neve_meta_sidebar":"","neve_meta_container":"","neve_meta_enable_content_width":"","neve_meta_content_width":0,"neve_meta_title_alignment":"","neve_meta_author_avatar":"","neve_post_elements_order":"","neve_meta_disable_header":"","neve_meta_disable_footer":"","neve_meta_disable_title":"","footnotes":""},"class_list":["post-246","page","type-page","status-publish","hentry"],"aioseo_notices":[],"_hostinger_reach_plugin_has_subscription_block":false,"_hostinger_reach_plugin_is_elementor":false,"_links":{"self":[{"href":"https:\/\/produtos.allcard.com.br\/index.php\/wp-json\/wp\/v2\/pages\/246","targetHints":{"allow":["GET"]}}],"collection":[{"href":"https:\/\/produtos.allcard.com.br\/index.php\/wp-json\/wp\/v2\/pages"}],"about":[{"href":"https:\/\/produtos.allcard.com.br\/index.php\/wp-json\/wp\/v2\/types\/page"}],"author":[{"embeddable":true,"href":"https:\/\/produtos.allcard.com.br\/index.php\/wp-json\/wp\/v2\/users\/1"}],"replies":[{"embeddable":true,"href":"https:\/\/produtos.allcard.com.br\/index.php\/wp-json\/wp\/v2\/comments?post=246"}],"version-history":[{"count":7,"href":"https:\/\/produtos.allcard.com.br\/index.php\/wp-json\/wp\/v2\/pages\/246\/revisions"}],"predecessor-version":[{"id":261,"href":"https:\/\/produtos.allcard.com.br\/index.php\/wp-json\/wp\/v2\/pages\/246\/revisions\/261"}],"wp:attachment":[{"href":"https:\/\/produtos.allcard.com.br\/index.php\/wp-json\/wp\/v2\/media?parent=246"}],"curies":[{"name":"wp","href":"https:\/\/api.w.org\/{rel}","templated":true}]}}