{"id":192,"date":"2025-03-05T11:56:29","date_gmt":"2025-03-05T14:56:29","guid":{"rendered":"https:\/\/produtos.allcard.com.br\/?page_id=192"},"modified":"2025-03-05T12:03:01","modified_gmt":"2025-03-05T15:03:01","slug":"antifurto-rf-82-mhz","status":"publish","type":"page","link":"https:\/\/produtos.allcard.com.br\/index.php\/antifurto-rf-82-mhz\/","title":{"rendered":"Anfifurto RF 8,2 mhz"},"content":{"rendered":"\t\t<div data-elementor-type=\"wp-page\" data-elementor-id=\"192\" class=\"elementor elementor-192\">\n\t\t\t\t<div class=\"elementor-element elementor-element-1ef2b60 e-flex e-con-boxed e-con e-parent\" data-id=\"1ef2b60\" data-element_type=\"container\" data-e-type=\"container\">\n\t\t\t\t\t<div class=\"e-con-inner\">\n\t\t<div class=\"elementor-element elementor-element-225c261 e-con-full e-flex e-con e-child\" data-id=\"225c261\" data-element_type=\"container\" data-e-type=\"container\">\n\t\t\t\t<div class=\"elementor-element elementor-element-f4a6ce7 elementor-widget elementor-widget-heading\" data-id=\"f4a6ce7\" data-element_type=\"widget\" data-e-type=\"widget\" data-widget_type=\"heading.default\">\n\t\t\t\t<div class=\"elementor-widget-container\">\n\t\t\t\t\t<h2 class=\"elementor-heading-title elementor-size-default\">Par de Antenas RF 8,2 mhz<\/h2>\t\t\t\t<\/div>\n\t\t\t\t<\/div>\n\t\t\t\t<div class=\"elementor-element elementor-element-61eb667 elementor-widget__width-initial elementor-widget elementor-widget-image\" data-id=\"61eb667\" data-element_type=\"widget\" data-e-type=\"widget\" data-widget_type=\"image.default\">\n\t\t\t\t<div class=\"elementor-widget-container\">\n\t\t\t\t\t\t\t\t\t\t\t\t\t\t\t<img fetchpriority=\"high\" decoding=\"async\" width=\"1024\" height=\"1024\" src=\"https:\/\/produtos.allcard.com.br\/wp-content\/uploads\/2025\/03\/Antena-RF-82-MD-16-1024x1024.jpg\" class=\"attachment-large size-large wp-image-194\" alt=\"\" srcset=\"https:\/\/produtos.allcard.com.br\/wp-content\/uploads\/2025\/03\/Antena-RF-82-MD-16-1024x1024.jpg 1024w, https:\/\/produtos.allcard.com.br\/wp-content\/uploads\/2025\/03\/Antena-RF-82-MD-16-300x300.jpg 300w, https:\/\/produtos.allcard.com.br\/wp-content\/uploads\/2025\/03\/Antena-RF-82-MD-16-150x150.jpg 150w, https:\/\/produtos.allcard.com.br\/wp-content\/uploads\/2025\/03\/Antena-RF-82-MD-16-768x768.jpg 768w, https:\/\/produtos.allcard.com.br\/wp-content\/uploads\/2025\/03\/Antena-RF-82-MD-16-600x600.jpg 600w, https:\/\/produtos.allcard.com.br\/wp-content\/uploads\/2025\/03\/Antena-RF-82-MD-16-100x100.jpg 100w, https:\/\/produtos.allcard.com.br\/wp-content\/uploads\/2025\/03\/Antena-RF-82-MD-16.jpg 1200w\" sizes=\"(max-width: 1024px) 100vw, 1024px\" \/>\t\t\t\t\t\t\t\t\t\t\t\t\t\t\t<\/div>\n\t\t\t\t<\/div>\n\t\t\t\t<div class=\"elementor-element elementor-element-bd321a4 elementor-widget elementor-widget-text-editor\" data-id=\"bd321a4\" data-element_type=\"widget\" data-e-type=\"widget\" data-widget_type=\"text-editor.default\">\n\t\t\t\t<div class=\"elementor-widget-container\">\n\t\t\t\t\t\t\t\t\t<p>Composto por:<br>&#8211; 1 antena Transmissora ( TX )<br>&#8211; 1 Antena Receptora ( RX )<br>&#8211; 1 Fonte e 1 cabo de interliga\u00e7\u00e3o<br>Cada TX pode ligar 2 RX ( formando trio ), podem ser combinadas em qualquer quantidade, interligando v\u00e1rias antenas ( conforme manual ).<br><span style=\"outline: 0px; margin: 0px; padding: 0px; border: 0px; font-variant-numeric: normal; font-variant-east-asian: normal; font-variant-alternates: normal; font-variant-position: normal; font-variant-emoji: normal; white-space-collapse: preserve; font-size: 12pt; font-family: Arial, sans-serif; font-weight: bold; vertical-align: baseline;\">Dimens\u00f5es Individual:<\/span><span style=\"outline: 0px; margin: 0px; padding: 0px; border: 0px; font-variant-numeric: normal; font-variant-east-asian: normal; font-variant-alternates: normal; font-variant-position: normal; font-variant-emoji: normal; white-space-collapse: preserve; font-size: 12pt; font-family: Arial, sans-serif; vertical-align: baseline;\"><br>TX &#8211;<span style=\"outline: 0px; margin: 0px; padding: 0px; border: 0px; font-variant-numeric: normal; font-variant-east-asian: normal; font-variant-alternates: normal; font-variant-position: normal; font-variant-emoji: normal; font-size: 12pt; vertical-align: baseline;\"> 1,56 cm x&nbsp; 37,5 cm x&nbsp; 9 cm &#8211; Peso: 4,16 kg<\/span><br>RX &#8211; 1,56 cm x&nbsp; 37,5 cm x&nbsp; 9 cm  Peso: 4,13kg<br>Material: ABS resistente<br>Fonte: Bivolt Autom\u00e1tico<br>C\u00f3digo PAR:U100000000168<br>C\u00f3digo TX: U100000000181<br>C\u00f3digo RX: U100000000180\n<\/span><\/p>\n<p><\/p>\t\t\t\t\t\t\t\t<\/div>\n\t\t\t\t<\/div>\n\t\t\t\t<\/div>\n\t\t<div class=\"elementor-element elementor-element-e6fd8db e-con-full e-flex e-con e-child\" data-id=\"e6fd8db\" data-element_type=\"container\" data-e-type=\"container\">\n\t\t\t\t<div class=\"elementor-element elementor-element-47e0ef1 elementor-widget elementor-widget-heading\" data-id=\"47e0ef1\" data-element_type=\"widget\" data-e-type=\"widget\" data-widget_type=\"heading.default\">\n\t\t\t\t<div class=\"elementor-widget-container\">\n\t\t\t\t\t<h2 class=\"elementor-heading-title elementor-size-default\">Desativador \/ Verificador MD 03<\/h2>\t\t\t\t<\/div>\n\t\t\t\t<\/div>\n\t\t\t\t<div class=\"elementor-element elementor-element-dc14f8f elementor-widget__width-initial elementor-widget elementor-widget-image\" data-id=\"dc14f8f\" data-element_type=\"widget\" data-e-type=\"widget\" data-widget_type=\"image.default\">\n\t\t\t\t<div class=\"elementor-widget-container\">\n\t\t\t\t\t\t\t\t\t\t\t\t\t\t\t<img decoding=\"async\" width=\"1024\" height=\"1024\" src=\"https:\/\/produtos.allcard.com.br\/wp-content\/uploads\/2025\/03\/Desativador-Verificador-RF-82-MD03-1024x1024.jpg\" class=\"attachment-large size-large wp-image-195\" alt=\"\" srcset=\"https:\/\/produtos.allcard.com.br\/wp-content\/uploads\/2025\/03\/Desativador-Verificador-RF-82-MD03-1024x1024.jpg 1024w, https:\/\/produtos.allcard.com.br\/wp-content\/uploads\/2025\/03\/Desativador-Verificador-RF-82-MD03-300x300.jpg 300w, https:\/\/produtos.allcard.com.br\/wp-content\/uploads\/2025\/03\/Desativador-Verificador-RF-82-MD03-150x150.jpg 150w, https:\/\/produtos.allcard.com.br\/wp-content\/uploads\/2025\/03\/Desativador-Verificador-RF-82-MD03-768x768.jpg 768w, https:\/\/produtos.allcard.com.br\/wp-content\/uploads\/2025\/03\/Desativador-Verificador-RF-82-MD03-600x600.jpg 600w, https:\/\/produtos.allcard.com.br\/wp-content\/uploads\/2025\/03\/Desativador-Verificador-RF-82-MD03-100x100.jpg 100w, https:\/\/produtos.allcard.com.br\/wp-content\/uploads\/2025\/03\/Desativador-Verificador-RF-82-MD03.jpg 1200w\" sizes=\"(max-width: 1024px) 100vw, 1024px\" \/>\t\t\t\t\t\t\t\t\t\t\t\t\t\t\t<\/div>\n\t\t\t\t<\/div>\n\t\t\t\t<div class=\"elementor-element elementor-element-284f14a elementor-widget elementor-widget-text-editor\" data-id=\"284f14a\" data-element_type=\"widget\" data-e-type=\"widget\" data-widget_type=\"text-editor.default\">\n\t\t\t\t<div class=\"elementor-widget-container\">\n\t\t\t\t\t\t\t\t\t<p>Desativa todas as etiquetas desativ\u00e1veis de frequ\u00eancia RF 8,2 mhz;<br>* Verificador de TAG r\u00edgida ( quando passa uma TAG reutiliz\u00e1vel ele apita;<br>* Bivolt Autom\u00e1tico&nbsp;<br>* Pl\u00e1stico resist\u00eante<br>Dimens\u00f5es: 24 x 22 x 30 cm<br>Peso: 600 gramas<br>C\u00f3digo:&nbsp;U100000000134<\/p>\t\t\t\t\t\t\t\t<\/div>\n\t\t\t\t<\/div>\n\t\t\t\t<\/div>\n\t\t<div class=\"elementor-element elementor-element-b1a77ce e-con-full e-flex e-con e-child\" data-id=\"b1a77ce\" data-element_type=\"container\" data-e-type=\"container\">\n\t\t\t\t<div class=\"elementor-element elementor-element-cb21786 elementor-widget elementor-widget-heading\" data-id=\"cb21786\" data-element_type=\"widget\" data-e-type=\"widget\" data-widget_type=\"heading.default\">\n\t\t\t\t<div class=\"elementor-widget-container\">\n\t\t\t\t\t<h2 class=\"elementor-heading-title elementor-size-default\">Etiqueta Adesiva 4x4 cm<\/h2>\t\t\t\t<\/div>\n\t\t\t\t<\/div>\n\t\t\t\t<div class=\"elementor-element elementor-element-fc4cb3a elementor-widget__width-initial elementor-widget elementor-widget-image\" data-id=\"fc4cb3a\" data-element_type=\"widget\" data-e-type=\"widget\" data-widget_type=\"image.default\">\n\t\t\t\t<div class=\"elementor-widget-container\">\n\t\t\t\t\t\t\t\t\t\t\t\t\t\t\t<img decoding=\"async\" width=\"500\" height=\"500\" src=\"https:\/\/produtos.allcard.com.br\/wp-content\/uploads\/2025\/03\/Capa-antifurto-RF-82-3.jpg\" class=\"attachment-large size-large wp-image-196\" alt=\"\" srcset=\"https:\/\/produtos.allcard.com.br\/wp-content\/uploads\/2025\/03\/Capa-antifurto-RF-82-3.jpg 500w, https:\/\/produtos.allcard.com.br\/wp-content\/uploads\/2025\/03\/Capa-antifurto-RF-82-3-300x300.jpg 300w, https:\/\/produtos.allcard.com.br\/wp-content\/uploads\/2025\/03\/Capa-antifurto-RF-82-3-150x150.jpg 150w, https:\/\/produtos.allcard.com.br\/wp-content\/uploads\/2025\/03\/Capa-antifurto-RF-82-3-100x100.jpg 100w\" sizes=\"(max-width: 500px) 100vw, 500px\" \/>\t\t\t\t\t\t\t\t\t\t\t\t\t\t\t<\/div>\n\t\t\t\t<\/div>\n\t\t\t\t<div class=\"elementor-element elementor-element-cad37ba elementor-widget elementor-widget-text-editor\" data-id=\"cad37ba\" data-element_type=\"widget\" data-e-type=\"widget\" data-widget_type=\"text-editor.default\">\n\t\t\t\t<div class=\"elementor-widget-container\">\n\t\t\t\t\t\t\t\t\t<p>Etiqueta adesiva descart\u00e1vel com 4&#215;4 cm.\u00a0<br \/>Frequ\u00eancia RF 8,2 mhz<br \/>Uso \u00fanico &#8211; Desativ\u00e1vel com o desativador RF8,2 mhz<br \/>Com c\u00f3digo de barras fake para ficar mais vis\u00edvel;\u00a0<br \/>C\u00f3d Rolo 1.000 un: U100000000023<\/p>\t\t\t\t\t\t\t\t<\/div>\n\t\t\t\t<\/div>\n\t\t\t\t<\/div>\n\t\t<div class=\"elementor-element elementor-element-6878b47 e-con-full e-flex e-con e-child\" data-id=\"6878b47\" data-element_type=\"container\" data-e-type=\"container\">\n\t\t\t\t<div class=\"elementor-element elementor-element-a8bf8b6 elementor-widget elementor-widget-heading\" data-id=\"a8bf8b6\" data-element_type=\"widget\" data-e-type=\"widget\" data-widget_type=\"heading.default\">\n\t\t\t\t<div class=\"elementor-widget-container\">\n\t\t\t\t\t<h2 class=\"elementor-heading-title elementor-size-default\">Etiqueta R\u00edgida para \u00f3culos RF 8,2mhz<\/h2>\t\t\t\t<\/div>\n\t\t\t\t<\/div>\n\t\t\t\t<div class=\"elementor-element elementor-element-5e41a1b elementor-widget__width-initial elementor-widget elementor-widget-image\" data-id=\"5e41a1b\" data-element_type=\"widget\" data-e-type=\"widget\" data-widget_type=\"image.default\">\n\t\t\t\t<div class=\"elementor-widget-container\">\n\t\t\t\t\t\t\t\t\t\t\t\t\t\t\t<img loading=\"lazy\" decoding=\"async\" width=\"500\" height=\"500\" src=\"https:\/\/produtos.allcard.com.br\/wp-content\/uploads\/2025\/03\/Capa-antifurto-RF-82-4.jpg\" class=\"attachment-large size-large wp-image-197\" alt=\"\" srcset=\"https:\/\/produtos.allcard.com.br\/wp-content\/uploads\/2025\/03\/Capa-antifurto-RF-82-4.jpg 500w, https:\/\/produtos.allcard.com.br\/wp-content\/uploads\/2025\/03\/Capa-antifurto-RF-82-4-300x300.jpg 300w, https:\/\/produtos.allcard.com.br\/wp-content\/uploads\/2025\/03\/Capa-antifurto-RF-82-4-150x150.jpg 150w, https:\/\/produtos.allcard.com.br\/wp-content\/uploads\/2025\/03\/Capa-antifurto-RF-82-4-100x100.jpg 100w\" sizes=\"(max-width: 500px) 100vw, 500px\" \/>\t\t\t\t\t\t\t\t\t\t\t\t\t\t\t<\/div>\n\t\t\t\t<\/div>\n\t\t\t\t<div class=\"elementor-element elementor-element-79fd57c elementor-widget elementor-widget-text-editor\" data-id=\"79fd57c\" data-element_type=\"widget\" data-e-type=\"widget\" data-widget_type=\"text-editor.default\">\n\t\t\t\t<div class=\"elementor-widget-container\">\n\t\t\t\t\t\t\t\t\t<p>Cor: Cinza:<br>Frequ\u00eancia: RF 8,2 mhz<br>Peso individual: 9 gramas<br>Dimens\u00f5es: 2,5 x 2,3 x 2,5 cm<br>Para desacoplar necess\u00e1rio chave desacopladora.<br>C\u00f3digo Pct 100 un:&nbsp;U100000000044<\/p>\t\t\t\t\t\t\t\t<\/div>\n\t\t\t\t<\/div>\n\t\t\t\t<\/div>\n\t\t<div class=\"elementor-element elementor-element-5a91b10 e-con-full e-flex e-con e-child\" data-id=\"5a91b10\" data-element_type=\"container\" data-e-type=\"container\">\n\t\t\t\t<div class=\"elementor-element elementor-element-f52aee7 elementor-widget elementor-widget-heading\" data-id=\"f52aee7\" data-element_type=\"widget\" data-e-type=\"widget\" data-widget_type=\"heading.default\">\n\t\t\t\t<div class=\"elementor-widget-container\">\n\t\t\t\t\t<h2 class=\"elementor-heading-title elementor-size-default\">Mini-Tag bolacha antifurto<\/h2>\t\t\t\t<\/div>\n\t\t\t\t<\/div>\n\t\t\t\t<div class=\"elementor-element elementor-element-00adbe0 elementor-widget__width-initial elementor-widget elementor-widget-image\" data-id=\"00adbe0\" data-element_type=\"widget\" data-e-type=\"widget\" data-widget_type=\"image.default\">\n\t\t\t\t<div class=\"elementor-widget-container\">\n\t\t\t\t\t\t\t\t\t\t\t\t\t\t\t<img loading=\"lazy\" decoding=\"async\" width=\"500\" height=\"500\" src=\"https:\/\/produtos.allcard.com.br\/wp-content\/uploads\/2025\/03\/Capa-antifurto-RF-82-5.jpg\" class=\"attachment-large size-large wp-image-198\" alt=\"\" srcset=\"https:\/\/produtos.allcard.com.br\/wp-content\/uploads\/2025\/03\/Capa-antifurto-RF-82-5.jpg 500w, https:\/\/produtos.allcard.com.br\/wp-content\/uploads\/2025\/03\/Capa-antifurto-RF-82-5-300x300.jpg 300w, https:\/\/produtos.allcard.com.br\/wp-content\/uploads\/2025\/03\/Capa-antifurto-RF-82-5-150x150.jpg 150w, https:\/\/produtos.allcard.com.br\/wp-content\/uploads\/2025\/03\/Capa-antifurto-RF-82-5-100x100.jpg 100w\" sizes=\"(max-width: 500px) 100vw, 500px\" \/>\t\t\t\t\t\t\t\t\t\t\t\t\t\t\t<\/div>\n\t\t\t\t<\/div>\n\t\t\t\t<div class=\"elementor-element elementor-element-6fed99c elementor-widget elementor-widget-text-editor\" data-id=\"6fed99c\" data-element_type=\"widget\" data-e-type=\"widget\" data-widget_type=\"text-editor.default\">\n\t\t\t\t<div class=\"elementor-widget-container\">\n\t\t\t\t\t\t\t\t\t<p><strong>Etiqueta R\u00edgida Reutiliz\u00e1vel<br>Medidas:<\/strong>&nbsp;4 x 0,5 x 4,5 cm<br>Peso: 8 gramas<br>Frequ\u00eancia: RF 8,2 mhz<br>Acompanha os PINOS<br>Caixa com 1.000 unidades.<br>C\u00f3d. preto: U100000000023<br>C\u00f3d. Cinza: U100000000024<\/p>\t\t\t\t\t\t\t\t<\/div>\n\t\t\t\t<\/div>\n\t\t\t\t<\/div>\n\t\t<div class=\"elementor-element elementor-element-92d2174 e-con-full e-flex e-con e-child\" data-id=\"92d2174\" data-element_type=\"container\" data-e-type=\"container\">\n\t\t\t\t<div class=\"elementor-element elementor-element-6bc7eae elementor-widget elementor-widget-heading\" data-id=\"6bc7eae\" data-element_type=\"widget\" data-e-type=\"widget\" data-widget_type=\"heading.default\">\n\t\t\t\t<div class=\"elementor-widget-container\">\n\t\t\t\t\t<h2 class=\"elementor-heading-title elementor-size-default\">etiqueta pencil rigida antifurto cinza Eas RF 8,2 Mhz - MD21 c\/ 1.000 un<\/h2>\t\t\t\t<\/div>\n\t\t\t\t<\/div>\n\t\t\t\t<div class=\"elementor-element elementor-element-13cc912 elementor-widget__width-initial elementor-widget elementor-widget-image\" data-id=\"13cc912\" data-element_type=\"widget\" data-e-type=\"widget\" data-widget_type=\"image.default\">\n\t\t\t\t<div class=\"elementor-widget-container\">\n\t\t\t\t\t\t\t\t\t\t\t\t\t\t\t<img loading=\"lazy\" decoding=\"async\" width=\"500\" height=\"500\" src=\"https:\/\/produtos.allcard.com.br\/wp-content\/uploads\/2025\/03\/Capa-antifurto-RF-82-6.jpg\" class=\"attachment-large size-large wp-image-199\" alt=\"\" srcset=\"https:\/\/produtos.allcard.com.br\/wp-content\/uploads\/2025\/03\/Capa-antifurto-RF-82-6.jpg 500w, https:\/\/produtos.allcard.com.br\/wp-content\/uploads\/2025\/03\/Capa-antifurto-RF-82-6-300x300.jpg 300w, https:\/\/produtos.allcard.com.br\/wp-content\/uploads\/2025\/03\/Capa-antifurto-RF-82-6-150x150.jpg 150w, https:\/\/produtos.allcard.com.br\/wp-content\/uploads\/2025\/03\/Capa-antifurto-RF-82-6-100x100.jpg 100w\" sizes=\"(max-width: 500px) 100vw, 500px\" \/>\t\t\t\t\t\t\t\t\t\t\t\t\t\t\t<\/div>\n\t\t\t\t<\/div>\n\t\t\t\t<div class=\"elementor-element elementor-element-41f0e83 elementor-widget elementor-widget-text-editor\" data-id=\"41f0e83\" data-element_type=\"widget\" data-e-type=\"widget\" data-widget_type=\"text-editor.default\">\n\t\t\t\t<div class=\"elementor-widget-container\">\n\t\t\t\t\t\t\t\t\t<p>Dimens\u00e3o: 4,5 x 0,8 cm<br \/>Peso: 8 gramas<br \/>Frequ\u00eancia: RF 8,2 mhz<br \/>Acompanha os Pinos<br \/>Caixa com 1.000 unidades<br \/>C\u00f3d. U100000000046<\/p>\t\t\t\t\t\t\t\t<\/div>\n\t\t\t\t<\/div>\n\t\t\t\t<\/div>\n\t\t\t\t\t<\/div>\n\t\t\t\t<\/div>\n\t\t<div class=\"elementor-element elementor-element-9100405 e-flex e-con-boxed e-con e-parent\" data-id=\"9100405\" data-element_type=\"container\" data-e-type=\"container\">\n\t\t\t\t\t<div class=\"e-con-inner\">\n\t\t<div class=\"elementor-element elementor-element-101fa8e e-con-full e-flex e-con e-child\" data-id=\"101fa8e\" data-element_type=\"container\" data-e-type=\"container\">\n\t\t\t\t<div class=\"elementor-element elementor-element-1f53da3 elementor-widget elementor-widget-heading\" data-id=\"1f53da3\" data-element_type=\"widget\" data-e-type=\"widget\" data-widget_type=\"heading.default\">\n\t\t\t\t<div class=\"elementor-widget-container\">\n\t\t\t\t\t<h2 class=\"elementor-heading-title elementor-size-default\">Etiqueta rigida EAS Rf 8,2 Mhz cinza 40mm - MD26 c\/ 1.000 un<\/h2>\t\t\t\t<\/div>\n\t\t\t\t<\/div>\n\t\t\t\t<div class=\"elementor-element elementor-element-d8337a3 elementor-widget__width-initial elementor-widget elementor-widget-image\" data-id=\"d8337a3\" data-element_type=\"widget\" data-e-type=\"widget\" data-widget_type=\"image.default\">\n\t\t\t\t<div class=\"elementor-widget-container\">\n\t\t\t\t\t\t\t\t\t\t\t\t\t\t\t<img loading=\"lazy\" decoding=\"async\" width=\"500\" height=\"500\" src=\"https:\/\/produtos.allcard.com.br\/wp-content\/uploads\/2025\/03\/Capa-antifurto-RF-82-7.jpg\" class=\"attachment-large size-large wp-image-200\" alt=\"\" srcset=\"https:\/\/produtos.allcard.com.br\/wp-content\/uploads\/2025\/03\/Capa-antifurto-RF-82-7.jpg 500w, https:\/\/produtos.allcard.com.br\/wp-content\/uploads\/2025\/03\/Capa-antifurto-RF-82-7-300x300.jpg 300w, https:\/\/produtos.allcard.com.br\/wp-content\/uploads\/2025\/03\/Capa-antifurto-RF-82-7-150x150.jpg 150w, https:\/\/produtos.allcard.com.br\/wp-content\/uploads\/2025\/03\/Capa-antifurto-RF-82-7-100x100.jpg 100w\" sizes=\"(max-width: 500px) 100vw, 500px\" \/>\t\t\t\t\t\t\t\t\t\t\t\t\t\t\t<\/div>\n\t\t\t\t<\/div>\n\t\t\t\t<div class=\"elementor-element elementor-element-7ba40e9 elementor-widget elementor-widget-text-editor\" data-id=\"7ba40e9\" data-element_type=\"widget\" data-e-type=\"widget\" data-widget_type=\"text-editor.default\">\n\t\t\t\t<div class=\"elementor-widget-container\">\n\t\t\t\t\t\t\t\t\t<p>Dimens\u00f5es: 4,5 x 0,2 x 4,5 cm<br \/>Peso: 8 gramas<br \/>Frequ\u00eancia: RF 8,2 mhz<br \/>Pino embutido<br \/>Tipo: Etiqueta Golf<br \/>Caixa com 1000 un.\u00a0<br \/>C\u00f3d. U100000000172<\/p>\t\t\t\t\t\t\t\t<\/div>\n\t\t\t\t<\/div>\n\t\t\t\t<\/div>\n\t\t<div class=\"elementor-element elementor-element-ecf74ad e-con-full e-flex e-con e-child\" data-id=\"ecf74ad\" data-element_type=\"container\" data-e-type=\"container\">\n\t\t\t\t<div class=\"elementor-element elementor-element-b3178b3 elementor-widget elementor-widget-heading\" data-id=\"b3178b3\" data-element_type=\"widget\" data-e-type=\"widget\" data-widget_type=\"heading.default\">\n\t\t\t\t<div class=\"elementor-widget-container\">\n\t\t\t\t\t<h2 class=\"elementor-heading-title elementor-size-default\">Etiqueta adesiva para cal\u00e7ados rolo c\/ 1.000 un RF 8,2 mhz<\/h2>\t\t\t\t<\/div>\n\t\t\t\t<\/div>\n\t\t\t\t<div class=\"elementor-element elementor-element-81dda70 elementor-widget__width-initial elementor-widget elementor-widget-image\" data-id=\"81dda70\" data-element_type=\"widget\" data-e-type=\"widget\" data-widget_type=\"image.default\">\n\t\t\t\t<div class=\"elementor-widget-container\">\n\t\t\t\t\t\t\t\t\t\t\t\t\t\t\t<img loading=\"lazy\" decoding=\"async\" width=\"500\" height=\"500\" src=\"https:\/\/produtos.allcard.com.br\/wp-content\/uploads\/2025\/03\/Capa-antifurto-RF-82-8.jpg\" class=\"attachment-large size-large wp-image-201\" alt=\"\" srcset=\"https:\/\/produtos.allcard.com.br\/wp-content\/uploads\/2025\/03\/Capa-antifurto-RF-82-8.jpg 500w, https:\/\/produtos.allcard.com.br\/wp-content\/uploads\/2025\/03\/Capa-antifurto-RF-82-8-300x300.jpg 300w, https:\/\/produtos.allcard.com.br\/wp-content\/uploads\/2025\/03\/Capa-antifurto-RF-82-8-150x150.jpg 150w, https:\/\/produtos.allcard.com.br\/wp-content\/uploads\/2025\/03\/Capa-antifurto-RF-82-8-100x100.jpg 100w\" sizes=\"(max-width: 500px) 100vw, 500px\" \/>\t\t\t\t\t\t\t\t\t\t\t\t\t\t\t<\/div>\n\t\t\t\t<\/div>\n\t\t\t\t<div class=\"elementor-element elementor-element-1c9bb91 elementor-widget elementor-widget-text-editor\" data-id=\"1c9bb91\" data-element_type=\"widget\" data-e-type=\"widget\" data-widget_type=\"text-editor.default\">\n\t\t\t\t<div class=\"elementor-widget-container\">\n\t\t\t\t\t\t\t\t\t<p>Dimens\u00f5es: 2,2 x 5,7\u00a0 x 4,1 cm<br \/>Frequ\u00eancia: RF 8,2 mhz<br \/>Pl\u00e1stico PET adesivo (politereftalato de etileno)<br \/>Pode ser aplicada diretamente no cal\u00e7ado, seja na sola ou em outras partes, sem comprometer o design ou a qualidade do produto.<br \/>Rolo com 1.000 unidades<br \/>C\u00f3d. U100000000136<\/p>\t\t\t\t\t\t\t\t<\/div>\n\t\t\t\t<\/div>\n\t\t\t\t<\/div>\n\t\t<div class=\"elementor-element elementor-element-092f25e e-con-full e-flex e-con e-child\" data-id=\"092f25e\" data-element_type=\"container\" data-e-type=\"container\">\n\t\t\t\t<div class=\"elementor-element elementor-element-65b770c elementor-widget elementor-widget-heading\" data-id=\"65b770c\" data-element_type=\"widget\" data-e-type=\"widget\" data-widget_type=\"heading.default\">\n\t\t\t\t<div class=\"elementor-widget-container\">\n\t\t\t\t\t<h2 class=\"elementor-heading-title elementor-size-default\">Etiqueta p\/ Livros 4\u00d74 n\u00e3o desativ\u00e1vel 9,5 MHz rolo com 1000un<span style=\"background-color: var(--nv-site-bg);color: var( --e-global-color-primary );font-family: var( --e-global-typography-primary-font-family ), Sans-serif;font-size: var(--h2fontsize);font-weight: var( --e-global-typography-primary-font-weight );letter-spacing: var(--h2letterspacing);text-align: var(--text-align);text-transform: var(--h2texttransform)\"><\/span><\/h2>\t\t\t\t<\/div>\n\t\t\t\t<\/div>\n\t\t\t\t<div class=\"elementor-element elementor-element-936bf67 elementor-widget__width-initial elementor-widget elementor-widget-image\" data-id=\"936bf67\" data-element_type=\"widget\" data-e-type=\"widget\" data-widget_type=\"image.default\">\n\t\t\t\t<div class=\"elementor-widget-container\">\n\t\t\t\t\t\t\t\t\t\t\t\t\t\t\t<img loading=\"lazy\" decoding=\"async\" width=\"500\" height=\"500\" src=\"https:\/\/produtos.allcard.com.br\/wp-content\/uploads\/2025\/03\/Capa-antifurto-RF-82-9.jpg\" class=\"attachment-large size-large wp-image-202\" alt=\"\" srcset=\"https:\/\/produtos.allcard.com.br\/wp-content\/uploads\/2025\/03\/Capa-antifurto-RF-82-9.jpg 500w, https:\/\/produtos.allcard.com.br\/wp-content\/uploads\/2025\/03\/Capa-antifurto-RF-82-9-300x300.jpg 300w, https:\/\/produtos.allcard.com.br\/wp-content\/uploads\/2025\/03\/Capa-antifurto-RF-82-9-150x150.jpg 150w, https:\/\/produtos.allcard.com.br\/wp-content\/uploads\/2025\/03\/Capa-antifurto-RF-82-9-100x100.jpg 100w\" sizes=\"(max-width: 500px) 100vw, 500px\" \/>\t\t\t\t\t\t\t\t\t\t\t\t\t\t\t<\/div>\n\t\t\t\t<\/div>\n\t\t\t\t<div class=\"elementor-element elementor-element-da8a235 elementor-widget elementor-widget-text-editor\" data-id=\"da8a235\" data-element_type=\"widget\" data-e-type=\"widget\" data-widget_type=\"text-editor.default\">\n\t\t\t\t<div class=\"elementor-widget-container\">\n\t\t\t\t\t\t\t\t\t<p>Dimens\u00f5es: 4&#215;4 cm<br \/>&#8211; Etiqueta n\u00e3o desativ\u00e1vel branca, feita em pl\u00e1stico adesivo resistente e circuito integrado.<br \/>&#8211; Utilizado em livrarias, ambientes de exposi\u00e7\u00f5es, showrooms, e produtos de uso prolongado.\u00a0<br \/>&#8211; Frequ\u00eancia: RF 9,5 mhz\u00a0<br \/>** N\u00e3o funciona nas nossas antenas **<br \/>Rolo com 1.000 unidades<br \/>C\u00f3d. U100000000151<\/p>\t\t\t\t\t\t\t\t<\/div>\n\t\t\t\t<\/div>\n\t\t\t\t<\/div>\n\t\t\t\t\t<\/div>\n\t\t\t\t<\/div>\n\t\t\t\t<\/div>\n\t\t","protected":false},"excerpt":{"rendered":"<p>Par de Antenas RF 8,2 mhz Composto por:&#8211; 1 antena Transmissora ( TX )&#8211; 1 Antena Receptora ( RX )&#8211; 1 Fonte e 1 cabo de interliga\u00e7\u00e3oCada TX pode ligar 2 RX ( formando trio ), podem ser combinadas em qualquer quantidade, interligando v\u00e1rias antenas ( conforme manual ).Dimens\u00f5es Individual:TX &#8211; 1,56 cm x&nbsp; 37,5&hellip;&nbsp;<a href=\"https:\/\/produtos.allcard.com.br\/index.php\/antifurto-rf-82-mhz\/\" rel=\"bookmark\"><span class=\"screen-reader-text\">Anfifurto RF 8,2 mhz<\/span><\/a><\/p>\n","protected":false},"author":1,"featured_media":0,"parent":0,"menu_order":0,"comment_status":"closed","ping_status":"closed","template":"page-templates\/template-pagebuilder-full-width.php","meta":{"_monsterinsights_skip_tracking":false,"_monsterinsights_sitenote_active":false,"_monsterinsights_sitenote_note":"","_monsterinsights_sitenote_category":0,"neve_meta_sidebar":"","neve_meta_container":"","neve_meta_enable_content_width":"","neve_meta_content_width":0,"neve_meta_title_alignment":"","neve_meta_author_avatar":"","neve_post_elements_order":"","neve_meta_disable_header":"","neve_meta_disable_footer":"","neve_meta_disable_title":"","footnotes":""},"class_list":["post-192","page","type-page","status-publish","hentry"],"aioseo_notices":[],"_hostinger_reach_plugin_has_subscription_block":false,"_hostinger_reach_plugin_is_elementor":false,"_links":{"self":[{"href":"https:\/\/produtos.allcard.com.br\/index.php\/wp-json\/wp\/v2\/pages\/192","targetHints":{"allow":["GET"]}}],"collection":[{"href":"https:\/\/produtos.allcard.com.br\/index.php\/wp-json\/wp\/v2\/pages"}],"about":[{"href":"https:\/\/produtos.allcard.com.br\/index.php\/wp-json\/wp\/v2\/types\/page"}],"author":[{"embeddable":true,"href":"https:\/\/produtos.allcard.com.br\/index.php\/wp-json\/wp\/v2\/users\/1"}],"replies":[{"embeddable":true,"href":"https:\/\/produtos.allcard.com.br\/index.php\/wp-json\/wp\/v2\/comments?post=192"}],"version-history":[{"count":14,"href":"https:\/\/produtos.allcard.com.br\/index.php\/wp-json\/wp\/v2\/pages\/192\/revisions"}],"predecessor-version":[{"id":217,"href":"https:\/\/produtos.allcard.com.br\/index.php\/wp-json\/wp\/v2\/pages\/192\/revisions\/217"}],"wp:attachment":[{"href":"https:\/\/produtos.allcard.com.br\/index.php\/wp-json\/wp\/v2\/media?parent=192"}],"curies":[{"name":"wp","href":"https:\/\/api.w.org\/{rel}","templated":true}]}}