{"id":131,"date":"2024-05-07T18:29:11","date_gmt":"2024-05-07T21:29:11","guid":{"rendered":"https:\/\/produtos.allcard.com.br\/?page_id=131"},"modified":"2025-03-05T10:58:19","modified_gmt":"2025-03-05T13:58:19","slug":"131-2","status":"publish","type":"page","link":"https:\/\/produtos.allcard.com.br\/","title":{"rendered":"Cat\u00e1logo"},"content":{"rendered":"\n<div class=\"wp-block-columns is-layout-flex wp-container-core-columns-is-layout-9d6595d7 wp-block-columns-is-layout-flex\">\n<div class=\"wp-block-column is-layout-flow wp-block-column-is-layout-flow\">\n<h4 class=\"wp-block-heading has-text-align-center\">Comandas de consumo<\/h4>\n\n\n<div class=\"wp-block-image\">\n<figure class=\"aligncenter size-large is-resized\"><a href=\"https:\/\/produtos.allcard.com.br\/index.php\/comandas-catalogo\/\"><img fetchpriority=\"high\" decoding=\"async\" width=\"1024\" height=\"1024\" src=\"https:\/\/produtos.allcard.com.br\/wp-content\/uploads\/2024\/04\/Comanda-base-nova-001-1024x1024.png\" alt=\"\" class=\"wp-image-68\" style=\"width:250px;height:auto\" srcset=\"https:\/\/produtos.allcard.com.br\/wp-content\/uploads\/2024\/04\/Comanda-base-nova-001-1024x1024.png 1024w, https:\/\/produtos.allcard.com.br\/wp-content\/uploads\/2024\/04\/Comanda-base-nova-001-300x300.png 300w, https:\/\/produtos.allcard.com.br\/wp-content\/uploads\/2024\/04\/Comanda-base-nova-001-150x150.png 150w, https:\/\/produtos.allcard.com.br\/wp-content\/uploads\/2024\/04\/Comanda-base-nova-001-768x768.png 768w, https:\/\/produtos.allcard.com.br\/wp-content\/uploads\/2024\/04\/Comanda-base-nova-001-600x600.png 600w, https:\/\/produtos.allcard.com.br\/wp-content\/uploads\/2024\/04\/Comanda-base-nova-001-100x100.png 100w, https:\/\/produtos.allcard.com.br\/wp-content\/uploads\/2024\/04\/Comanda-base-nova-001.png 1200w\" sizes=\"(max-width: 1024px) 100vw, 1024px\" \/><\/a><\/figure>\n<\/div><\/div>\n\n\n\n<div class=\"wp-block-column is-layout-flow wp-block-column-is-layout-flow\">\n<h4 class=\"wp-block-heading has-text-align-center\">Sistemas Antifurto<\/h4>\n\n\n<div class=\"wp-block-image\">\n<figure class=\"aligncenter size-large is-resized\"><a href=\"https:\/\/produtos.allcard.com.br\/index.php\/categoria-antifurto\/\"><img decoding=\"async\" width=\"1024\" height=\"1024\" src=\"https:\/\/produtos.allcard.com.br\/wp-content\/uploads\/2024\/04\/Inserir-um-subtitulo-1024x1024.png\" alt=\"\" class=\"wp-image-92\" style=\"width:240px;height:auto\" srcset=\"https:\/\/produtos.allcard.com.br\/wp-content\/uploads\/2024\/04\/Inserir-um-subtitulo-1024x1024.png 1024w, https:\/\/produtos.allcard.com.br\/wp-content\/uploads\/2024\/04\/Inserir-um-subtitulo-300x300.png 300w, https:\/\/produtos.allcard.com.br\/wp-content\/uploads\/2024\/04\/Inserir-um-subtitulo-150x150.png 150w, https:\/\/produtos.allcard.com.br\/wp-content\/uploads\/2024\/04\/Inserir-um-subtitulo-768x768.png 768w, https:\/\/produtos.allcard.com.br\/wp-content\/uploads\/2024\/04\/Inserir-um-subtitulo-600x600.png 600w, https:\/\/produtos.allcard.com.br\/wp-content\/uploads\/2024\/04\/Inserir-um-subtitulo-100x100.png 100w, https:\/\/produtos.allcard.com.br\/wp-content\/uploads\/2024\/04\/Inserir-um-subtitulo.png 1200w\" sizes=\"(max-width: 1024px) 100vw, 1024px\" \/><\/a><\/figure>\n<\/div><\/div>\n\n\n\n<div class=\"wp-block-column is-layout-flow wp-block-column-is-layout-flow\">\n<h4 class=\"wp-block-heading has-text-align-center\">Crach\u00e1s<\/h4>\n\n\n<div class=\"wp-block-image\">\n<figure class=\"aligncenter size-full is-resized\"><img decoding=\"async\" width=\"580\" height=\"580\" src=\"https:\/\/produtos.allcard.com.br\/wp-content\/uploads\/2024\/05\/Crachas.jpg\" alt=\"\" class=\"wp-image-136\" style=\"width:251px;height:auto\" srcset=\"https:\/\/produtos.allcard.com.br\/wp-content\/uploads\/2024\/05\/Crachas.jpg 580w, https:\/\/produtos.allcard.com.br\/wp-content\/uploads\/2024\/05\/Crachas-300x300.jpg 300w, https:\/\/produtos.allcard.com.br\/wp-content\/uploads\/2024\/05\/Crachas-150x150.jpg 150w, https:\/\/produtos.allcard.com.br\/wp-content\/uploads\/2024\/05\/Crachas-100x100.jpg 100w\" sizes=\"(max-width: 580px) 100vw, 580px\" \/><\/figure>\n<\/div><\/div>\n\n\n\n<div class=\"wp-block-column is-layout-flow wp-block-column-is-layout-flow\">\n<h4 class=\"wp-block-heading has-text-align-center\">Credenciais em PVC<\/h4>\n\n\n<div class=\"wp-block-image\">\n<figure class=\"aligncenter size-large is-resized\"><img loading=\"lazy\" decoding=\"async\" width=\"1024\" height=\"1024\" src=\"https:\/\/produtos.allcard.com.br\/wp-content\/uploads\/2024\/05\/Foto-de-capa-02-1024x1024.png\" alt=\"\" class=\"wp-image-137\" style=\"width:231px;height:auto\" srcset=\"https:\/\/produtos.allcard.com.br\/wp-content\/uploads\/2024\/05\/Foto-de-capa-02-1024x1024.png 1024w, https:\/\/produtos.allcard.com.br\/wp-content\/uploads\/2024\/05\/Foto-de-capa-02-300x300.png 300w, https:\/\/produtos.allcard.com.br\/wp-content\/uploads\/2024\/05\/Foto-de-capa-02-150x150.png 150w, https:\/\/produtos.allcard.com.br\/wp-content\/uploads\/2024\/05\/Foto-de-capa-02-768x768.png 768w, https:\/\/produtos.allcard.com.br\/wp-content\/uploads\/2024\/05\/Foto-de-capa-02-600x600.png 600w, https:\/\/produtos.allcard.com.br\/wp-content\/uploads\/2024\/05\/Foto-de-capa-02-100x100.png 100w, https:\/\/produtos.allcard.com.br\/wp-content\/uploads\/2024\/05\/Foto-de-capa-02.png 1200w\" sizes=\"(max-width: 1024px) 100vw, 1024px\" \/><\/figure>\n<\/div><\/div>\n<\/div>\n\n\n\n<div class=\"wp-block-columns is-layout-flex wp-container-core-columns-is-layout-9d6595d7 wp-block-columns-is-layout-flex\">\n<div class=\"wp-block-column is-layout-flow wp-block-column-is-layout-flow\">\n<h4 class=\"wp-block-heading has-text-align-center\">Cart\u00f5es Fidelidade<\/h4>\n\n\n<div class=\"wp-block-image\">\n<figure class=\"aligncenter size-full is-resized\"><img loading=\"lazy\" decoding=\"async\" width=\"580\" height=\"580\" src=\"https:\/\/produtos.allcard.com.br\/wp-content\/uploads\/2024\/05\/Fidelidade.jpg\" alt=\"\" class=\"wp-image-138\" style=\"width:248px;height:auto\" srcset=\"https:\/\/produtos.allcard.com.br\/wp-content\/uploads\/2024\/05\/Fidelidade.jpg 580w, https:\/\/produtos.allcard.com.br\/wp-content\/uploads\/2024\/05\/Fidelidade-300x300.jpg 300w, https:\/\/produtos.allcard.com.br\/wp-content\/uploads\/2024\/05\/Fidelidade-150x150.jpg 150w, https:\/\/produtos.allcard.com.br\/wp-content\/uploads\/2024\/05\/Fidelidade-100x100.jpg 100w\" sizes=\"(max-width: 580px) 100vw, 580px\" \/><\/figure>\n<\/div><\/div>\n\n\n\n<div class=\"wp-block-column is-layout-flow wp-block-column-is-layout-flow\">\n<h4 class=\"wp-block-heading has-text-align-center\">Cart\u00e3o presente ( Gift Card )<\/h4>\n\n\n<div class=\"wp-block-image\">\n<figure class=\"aligncenter size-full is-resized\"><img loading=\"lazy\" decoding=\"async\" width=\"580\" height=\"580\" src=\"https:\/\/produtos.allcard.com.br\/wp-content\/uploads\/2024\/05\/PResente.jpg\" alt=\"\" class=\"wp-image-139\" style=\"width:201px;height:auto\" srcset=\"https:\/\/produtos.allcard.com.br\/wp-content\/uploads\/2024\/05\/PResente.jpg 580w, https:\/\/produtos.allcard.com.br\/wp-content\/uploads\/2024\/05\/PResente-300x300.jpg 300w, https:\/\/produtos.allcard.com.br\/wp-content\/uploads\/2024\/05\/PResente-150x150.jpg 150w, https:\/\/produtos.allcard.com.br\/wp-content\/uploads\/2024\/05\/PResente-100x100.jpg 100w\" sizes=\"(max-width: 580px) 100vw, 580px\" \/><\/figure>\n<\/div><\/div>\n\n\n\n<div class=\"wp-block-column is-layout-flow wp-block-column-is-layout-flow\">\n<h4 class=\"wp-block-heading has-text-align-center\">Cart\u00e3o PVC dado fixo<\/h4>\n\n\n<div class=\"wp-block-image\">\n<figure class=\"aligncenter size-full is-resized\"><img loading=\"lazy\" decoding=\"async\" width=\"580\" height=\"580\" src=\"https:\/\/produtos.allcard.com.br\/wp-content\/uploads\/2024\/05\/fixo.jpg\" alt=\"\" class=\"wp-image-140\" style=\"width:244px;height:auto\" srcset=\"https:\/\/produtos.allcard.com.br\/wp-content\/uploads\/2024\/05\/fixo.jpg 580w, https:\/\/produtos.allcard.com.br\/wp-content\/uploads\/2024\/05\/fixo-300x300.jpg 300w, https:\/\/produtos.allcard.com.br\/wp-content\/uploads\/2024\/05\/fixo-150x150.jpg 150w, https:\/\/produtos.allcard.com.br\/wp-content\/uploads\/2024\/05\/fixo-100x100.jpg 100w\" sizes=\"(max-width: 580px) 100vw, 580px\" \/><\/figure>\n<\/div><\/div>\n\n\n\n<div class=\"wp-block-column is-layout-flow wp-block-column-is-layout-flow\">\n<h4 class=\"wp-block-heading has-text-align-center\">RFID ( 125khz e 13,56 mhz )<\/h4>\n\n\n<div class=\"wp-block-image\">\n<figure class=\"aligncenter size-full is-resized\"><img loading=\"lazy\" decoding=\"async\" width=\"516\" height=\"470\" src=\"https:\/\/produtos.allcard.com.br\/wp-content\/uploads\/2024\/06\/Capa-categoria-rfid.jpg\" alt=\"\" class=\"wp-image-164\" style=\"width:231px;height:auto\" srcset=\"https:\/\/produtos.allcard.com.br\/wp-content\/uploads\/2024\/06\/Capa-categoria-rfid.jpg 516w, https:\/\/produtos.allcard.com.br\/wp-content\/uploads\/2024\/06\/Capa-categoria-rfid-300x273.jpg 300w\" sizes=\"(max-width: 516px) 100vw, 516px\" \/><\/figure>\n<\/div><\/div>\n<\/div>\n\n\n\n<div class=\"wp-block-columns is-layout-flex wp-container-core-columns-is-layout-9d6595d7 wp-block-columns-is-layout-flex\">\n<div class=\"wp-block-column is-layout-flow wp-block-column-is-layout-flow\">\n<h4 class=\"wp-block-heading has-text-align-center\">Cord\u00f5es Personalizados<\/h4>\n\n\n<div class=\"wp-block-image\">\n<figure class=\"aligncenter size-large is-resized\"><img loading=\"lazy\" decoding=\"async\" width=\"1024\" height=\"863\" src=\"https:\/\/produtos.allcard.com.br\/wp-content\/uploads\/2024\/05\/cORDAO-1024x863.jpg\" alt=\"\" class=\"wp-image-142\" style=\"width:248px;height:auto\" srcset=\"https:\/\/produtos.allcard.com.br\/wp-content\/uploads\/2024\/05\/cORDAO-1024x863.jpg 1024w, https:\/\/produtos.allcard.com.br\/wp-content\/uploads\/2024\/05\/cORDAO-300x253.jpg 300w, https:\/\/produtos.allcard.com.br\/wp-content\/uploads\/2024\/05\/cORDAO-768x647.jpg 768w, https:\/\/produtos.allcard.com.br\/wp-content\/uploads\/2024\/05\/cORDAO-600x506.jpg 600w, https:\/\/produtos.allcard.com.br\/wp-content\/uploads\/2024\/05\/cORDAO.jpg 1200w\" sizes=\"(max-width: 1024px) 100vw, 1024px\" \/><\/figure>\n<\/div><\/div>\n\n\n\n<div class=\"wp-block-column is-layout-flow wp-block-column-is-layout-flow\">\n<h4 class=\"wp-block-heading has-text-align-center\">Acess\u00f3rios Crach\u00e1s<\/h4>\n\n\n<div class=\"wp-block-image\">\n<figure class=\"aligncenter size-large is-resized\"><img loading=\"lazy\" decoding=\"async\" width=\"1024\" height=\"879\" src=\"https:\/\/produtos.allcard.com.br\/wp-content\/uploads\/2024\/05\/Acessorios-1024x879.jpg\" alt=\"\" class=\"wp-image-144\" style=\"width:260px;height:auto\" srcset=\"https:\/\/produtos.allcard.com.br\/wp-content\/uploads\/2024\/05\/Acessorios-1024x879.jpg 1024w, https:\/\/produtos.allcard.com.br\/wp-content\/uploads\/2024\/05\/Acessorios-300x258.jpg 300w, https:\/\/produtos.allcard.com.br\/wp-content\/uploads\/2024\/05\/Acessorios-768x660.jpg 768w, https:\/\/produtos.allcard.com.br\/wp-content\/uploads\/2024\/05\/Acessorios-1536x1319.jpg 1536w, https:\/\/produtos.allcard.com.br\/wp-content\/uploads\/2024\/05\/Acessorios-600x515.jpg 600w, https:\/\/produtos.allcard.com.br\/wp-content\/uploads\/2024\/05\/Acessorios.jpg 1713w\" sizes=\"(max-width: 1024px) 100vw, 1024px\" \/><\/figure>\n<\/div><\/div>\n\n\n\n<div class=\"wp-block-column is-layout-flow wp-block-column-is-layout-flow\">\n<h4 class=\"wp-block-heading has-text-align-center\">Controle de Ponto<\/h4>\n\n\n<div class=\"wp-block-image\">\n<figure class=\"aligncenter size-large is-resized\"><img loading=\"lazy\" decoding=\"async\" width=\"1024\" height=\"1024\" src=\"https:\/\/produtos.allcard.com.br\/wp-content\/uploads\/2024\/05\/Categoria-relogio-1024x1024.jpg\" alt=\"\" class=\"wp-image-159\" style=\"width:245px;height:auto\" srcset=\"https:\/\/produtos.allcard.com.br\/wp-content\/uploads\/2024\/05\/Categoria-relogio-1024x1024.jpg 1024w, https:\/\/produtos.allcard.com.br\/wp-content\/uploads\/2024\/05\/Categoria-relogio-300x300.jpg 300w, https:\/\/produtos.allcard.com.br\/wp-content\/uploads\/2024\/05\/Categoria-relogio-150x150.jpg 150w, https:\/\/produtos.allcard.com.br\/wp-content\/uploads\/2024\/05\/Categoria-relogio-768x769.jpg 768w, https:\/\/produtos.allcard.com.br\/wp-content\/uploads\/2024\/05\/Categoria-relogio-600x600.jpg 600w, https:\/\/produtos.allcard.com.br\/wp-content\/uploads\/2024\/05\/Categoria-relogio-100x100.jpg 100w, https:\/\/produtos.allcard.com.br\/wp-content\/uploads\/2024\/05\/Categoria-relogio.jpg 1288w\" sizes=\"(max-width: 1024px) 100vw, 1024px\" \/><\/figure>\n<\/div><\/div>\n\n\n\n<div class=\"wp-block-column is-layout-flow wp-block-column-is-layout-flow\"><\/div>\n<\/div>\n\n\n\n<p><\/p>\n","protected":false},"excerpt":{"rendered":"<p>Comandas de consumo Sistemas Antifurto Crach\u00e1s Credenciais em PVC Cart\u00f5es Fidelidade Cart\u00e3o presente ( Gift Card ) Cart\u00e3o PVC dado fixo RFID ( 125khz e 13,56 mhz ) Cord\u00f5es Personalizados Acess\u00f3rios Crach\u00e1s Controle de Ponto<\/p>\n","protected":false},"author":1,"featured_media":0,"parent":0,"menu_order":0,"comment_status":"closed","ping_status":"closed","template":"","meta":{"_monsterinsights_skip_tracking":false,"_monsterinsights_sitenote_active":false,"_monsterinsights_sitenote_note":"","_monsterinsights_sitenote_category":0,"neve_meta_sidebar":"","neve_meta_container":"","neve_meta_enable_content_width":"","neve_meta_content_width":0,"neve_meta_title_alignment":"","neve_meta_author_avatar":"","neve_post_elements_order":"","neve_meta_disable_header":"","neve_meta_disable_footer":"","neve_meta_disable_title":"","footnotes":""},"class_list":["post-131","page","type-page","status-publish","hentry"],"aioseo_notices":[],"_hostinger_reach_plugin_has_subscription_block":false,"_hostinger_reach_plugin_is_elementor":false,"_links":{"self":[{"href":"https:\/\/produtos.allcard.com.br\/index.php\/wp-json\/wp\/v2\/pages\/131","targetHints":{"allow":["GET"]}}],"collection":[{"href":"https:\/\/produtos.allcard.com.br\/index.php\/wp-json\/wp\/v2\/pages"}],"about":[{"href":"https:\/\/produtos.allcard.com.br\/index.php\/wp-json\/wp\/v2\/types\/page"}],"author":[{"embeddable":true,"href":"https:\/\/produtos.allcard.com.br\/index.php\/wp-json\/wp\/v2\/users\/1"}],"replies":[{"embeddable":true,"href":"https:\/\/produtos.allcard.com.br\/index.php\/wp-json\/wp\/v2\/comments?post=131"}],"version-history":[{"count":14,"href":"https:\/\/produtos.allcard.com.br\/index.php\/wp-json\/wp\/v2\/pages\/131\/revisions"}],"predecessor-version":[{"id":190,"href":"https:\/\/produtos.allcard.com.br\/index.php\/wp-json\/wp\/v2\/pages\/131\/revisions\/190"}],"wp:attachment":[{"href":"https:\/\/produtos.allcard.com.br\/index.php\/wp-json\/wp\/v2\/media?parent=131"}],"curies":[{"name":"wp","href":"https:\/\/api.w.org\/{rel}","templated":true}]}}